{"id":2825,"date":"2018-01-05T21:14:18","date_gmt":"2018-01-05T20:14:18","guid":{"rendered":"http:\/\/mtop.at\/?page_id=2825"},"modified":"2019-04-08T11:40:28","modified_gmt":"2019-04-08T09:40:28","slug":"jobs","status":"publish","type":"page","link":"https:\/\/www.mtop.at\/en\/jobs\/","title":{"rendered":"Jobs"},"content":{"rendered":"<div id=\"pl-2825\"  class=\"panel-layout\" ><div id=\"pg-2825-0\"  class=\"panel-grid panel-has-style\" ><div class=\"siteorigin-panels-stretch orion-separator bottom-svg-7 bottom-svg-inside tablet-default mobile-1-in-row desktop-default overlay-c1 panel-row-style panel-row-style-for-2825-0\" style=\"background-position: center center; background-repeat: no-repeat; background-size:cover;\" data-stretch-type=\"full\" ><div id=\"pgc-2825-0-0\"  class=\"panel-grid-cell panel-grid-cell-empty\" ><\/div><div id=\"pgc-2825-0-1\"  class=\"panel-grid-cell panel-grid-cell-mobile-last\" ><div id=\"panel-2825-0-1-0\" class=\"so-panel widget widget_orion_heading_w panel-first-child panel-last-child\" data-index=\"0\" ><div class=\"orion default panel-widget-style panel-widget-style-for-2825-0-1-0\" ><div class=\"so-widget-orion_heading_w so-widget-orion_heading_w-base\">\n\t\n\t\t\n\t<div class=\"row orion-heading\" style=\"margin-bottom:0px;\">\n\t\t<div class=\"col-md-12  separator-style-1 text-center style-h2 style-text-light\">\n\t\t\t<h2 class=\"text-light\">\n\t\t\t\tMit uns arbeiten\t\t\t<\/h2>\n\t\t<\/div>\n\t<\/div>\n\n\t<\/div><\/div><\/div><\/div><div id=\"pgc-2825-0-2\"  class=\"panel-grid-cell panel-grid-cell-empty\" ><\/div><\/div><\/div><div id=\"pg-2825-1\"  class=\"panel-grid panel-has-style\" ><div class=\"tablet-default mobile-1-in-row desktop-default panel-row-style panel-row-style-for-2825-1\" ><div id=\"pgc-2825-1-0\"  class=\"panel-grid-cell\" ><div id=\"panel-2825-1-0-0\" class=\"so-panel widget widget_orion_heading_w panel-first-child\" data-index=\"1\" ><div class=\"orion default panel-widget-style panel-widget-style-for-2825-1-0-0\" ><div class=\"so-widget-orion_heading_w so-widget-orion_heading_w-base\">\n\t\n\t\t\n\t<div class=\"row orion-heading\" style=\"margin-bottom:0px;\">\n\t\t<div class=\"col-md-12   text-center style-h2 style-text-default\">\n\t\t\t<h2 class=\"text-default\">\n\t\t\t\tOffene Stellen\t\t\t<\/h2>\n\t\t<\/div>\n\t<\/div>\n\n\t<\/div><\/div><\/div><div id=\"panel-2825-1-0-1\" class=\"so-panel widget widget_sow-editor panel-last-child\" data-index=\"2\" ><div class=\"orion default panel-widget-style panel-widget-style-for-2825-1-0-1\" ><div class=\"so-widget-sow-editor so-widget-sow-editor-base\">\n<div class=\"siteorigin-widget-tinymce textwidget\">\n\t<h5 style=\"text-align: center;\"><\/h5>\n<p>&nbsp;<\/p>\n<h5 style=\"text-align: center;\">MTOP ist ein junges Social Business, das gut ausgebildete Gefl\u00fcchtete auf den Arbeitsmarkt vorbereitet und als neue MitarbeiterInnen an Unternehmen vermittelt. Bei uns arbeitest du mit Sinn, kannst selbstst\u00e4ndig entscheiden und dich weiterentwickeln.&nbsp;Mittagessen gehen wir gerne zum Meidlinger Markt und hin und wieder gibt es auch arabische, afghanische, iranische oder andere K\u00f6stlichkeiten.&nbsp;Unsere Vision, die wir mit dir gemeinsam erreichen m\u00f6chten:&nbsp;Wir leben in einer Gesellschaft, die gefl\u00fcchteten Menschen Perspektiven am Arbeitsmarkt gibt, um vollwertige Mitglieder unserer Gesellschaft zu werden und ihre Potentiale realisiert.<\/h5>\n<p>&nbsp;<\/p>\n<h5 style=\"text-align: center;\"><\/h5>\n<p>&nbsp;<\/p>\n<\/div>\n<\/div><\/div><\/div><\/div><\/div><\/div><div id=\"pg-2825-2\"  class=\"panel-grid panel-has-style\" ><div class=\"tablet-default mobile-1-in-row desktop-default panel-row-style panel-row-style-for-2825-2\" ><div id=\"pgc-2825-2-0\"  class=\"panel-grid-cell\" ><div id=\"panel-2825-2-0-0\" class=\"so-panel widget widget_sow-editor panel-first-child panel-last-child\" data-index=\"3\" ><div class=\"orion default panel-widget-style panel-widget-style-for-2825-2-0-0\" ><div class=\"so-widget-sow-editor so-widget-sow-editor-base\">\n<div class=\"siteorigin-widget-tinymce textwidget\">\n\t<p style=\"text-align: center;\">Zur Zeit gibt es keine freien Stellen bei uns! Melde dich bei unserem Newsletter an oder &nbsp;folge uns auf Facebook um zu erfahren, sobald wir wieder auf der Suche nach neuen Teammitgliedern sind.<\/p>\n<\/div>\n<\/div><\/div><\/div><\/div><\/div><\/div><\/div>","protected":false},"excerpt":{"rendered":"<p>&nbsp; MTOP ist ein junges Social Business, das gut ausgebildete Gefl\u00fcchtete auf den Arbeitsmarkt vorbereitet und als neue MitarbeiterInnen an Unternehmen vermittelt. Bei uns arbeitest du mit Sinn, kannst selbstst\u00e4ndig entscheiden und dich weiterentwickeln.&nbsp;Mittagessen gehen wir gerne zum Meidlinger Markt und hin und wieder gibt es auch arabische, afghanische, iranische oder andere K\u00f6stlichkeiten.&nbsp;Unsere Vision, die<\/p>\n","protected":false},"author":4,"featured_media":0,"parent":0,"menu_order":0,"comment_status":"closed","ping_status":"closed","template":"","meta":[],"_links":{"self":[{"href":"https:\/\/www.mtop.at\/en\/wp-json\/wp\/v2\/pages\/2825\/"}],"collection":[{"href":"https:\/\/www.mtop.at\/en\/wp-json\/wp\/v2\/pages\/"}],"about":[{"href":"https:\/\/www.mtop.at\/en\/wp-json\/wp\/v2\/types\/page\/"}],"author":[{"embeddable":true,"href":"https:\/\/www.mtop.at\/en\/wp-json\/wp\/v2\/users\/4\/"}],"replies":[{"embeddable":true,"href":"https:\/\/www.mtop.at\/en\/wp-json\/wp\/v2\/comments\/?post=2825"}],"version-history":[{"count":9,"href":"https:\/\/www.mtop.at\/en\/wp-json\/wp\/v2\/pages\/2825\/revisions\/"}],"predecessor-version":[{"id":7687,"href":"https:\/\/www.mtop.at\/en\/wp-json\/wp\/v2\/pages\/2825\/revisions\/7687\/"}],"wp:attachment":[{"href":"https:\/\/www.mtop.at\/en\/wp-json\/wp\/v2\/media\/?parent=2825"}],"curies":[{"name":"wp","href":"https:\/\/api.w.org\/{rel}","templated":true}]}}